{"id":61647,"date":"2026-02-10T15:35:04","date_gmt":"2026-02-10T18:35:04","guid":{"rendered":"https:\/\/lojadocentro.com.br\/moveis\/?page_id=61647"},"modified":"2026-02-10T17:34:56","modified_gmt":"2026-02-10T20:34:56","slug":"faq","status":"publish","type":"page","link":"https:\/\/lojadocentro.com.br\/moveis\/faq\/","title":{"rendered":"FAQ"},"content":{"rendered":"<p><strong>FAQ &#8211; M\u00f3veis para Escrit\u00f3rio em S\u00e3o Paulo<\/strong><\/p>\n<p>Confira respostas a algumas d\u00favidas frequentes:<\/p>\n<div class=\"otQkpb\" role=\"heading\" aria-level=\"3\" data-animation-nesting=\"\" data-sfc-cp=\"\" data-complete=\"true\" data-processed=\"true\" data-sae=\"\">\n<p><strong class=\"Yjhzub\" data-complete=\"true\">1) P\u00fablico e Atendimento: <\/strong><span class=\"T286Pc\" data-sfc-cp=\"\" data-complete=\"true\"><strong class=\"Yjhzub\" data-complete=\"true\">A Loja do Centro atende apenas grandes empresas ou tamb\u00e9m vende para pessoas f\u00edsicas?<\/strong><br data-serialized-params=\"[]\" data-complete=\"true\" \/>Atendemos a ambos com a mesma excel\u00eancia! A Loja do Centro possui expertise para fornecer desde mobili\u00e1rio completo para <strong class=\"Yjhzub\" data-complete=\"true\"><a href=\"https:\/\/lojadocentro.com.br\/moveis\/projetos-realizados-e-portfolio-corporativo\/\">escrit\u00f3rios corporativos<\/a> de grande, m\u00e9dio ou pequeno porte<\/strong>\u00a0at\u00e9 itens avulsos seja para <strong>pessoa jur\u00eddica<\/strong> ou para o <strong class=\"Yjhzub\" data-complete=\"true\">p\u00fablico de varejo.<\/strong><\/span><\/p>\n<p><span class=\"T286Pc\" data-sfc-cp=\"\" data-complete=\"true\"><strong class=\"Yjhzub\" data-complete=\"true\">2) Quais segmentos profissionais a loja costuma atender?<\/strong><br data-serialized-params=\"[]\" data-complete=\"true\" \/>Temos vasta experi\u00eancia em mobiliar diversos nichos de mercado. Nossa curadoria de m\u00f3veis \u00e9 pensada para atender \u00e0s necessidades espec\u00edficas de:<br \/>\n<\/span><span class=\"T286Pc\" data-sfc-cp=\"\" data-complete=\"true\"><strong class=\"Yjhzub\" data-complete=\"true\">&#8211; Servi\u00e7os Jur\u00eddicos e Financeiros:<\/strong>\u00a0Escrit\u00f3rios de advocacia, contabilidade, corretoras e imobili\u00e1rias.<br \/>\n<\/span><span class=\"T286Pc\" data-sfc-cp=\"\" data-complete=\"true\"><strong class=\"Yjhzub\" data-complete=\"true\">&#8211; Criatividade e Estrat\u00e9gia:<\/strong> Ag\u00eancias e departamentos de publicidade, turismo, treinamento e RH, escrit\u00f3rios de assessoria em com\u00e9rcio exterior.<br \/>\n<\/span><span class=\"T286Pc\" data-sfc-cp=\"\" data-complete=\"true\" aria-owns=\"action-menu-parent-container\"><strong class=\"Yjhzub\" data-complete=\"true\">&#8211; Profissionais Liberais:<\/strong> Solu\u00e7\u00f5es vers\u00e1teis para quem trabalha de forma aut\u00f4noma.<br \/>\n<\/span><span class=\"T286Pc\" data-sfc-cp=\"\" data-complete=\"true\"><strong class=\"Yjhzub\" data-complete=\"true\">&#8211; Sa\u00fade:<\/strong> Hospitais, farm\u00e1cias, laborat\u00f3rios, consult\u00f3rios m\u00e9dicos e cl\u00ednicas em geral.<br \/>\n<\/span><span class=\"T286Pc\" data-sfc-cp=\"\" data-complete=\"true\"><strong>&#8211; Pessoa F\u00edsica e Home Office:<\/strong> Se voc\u00ea busca uma \u00fanica mesa, cadeira ergon\u00f4mica para seu home office, uma estante para livros ou uma poltrona decorativa, estamos prontos para te receber.<\/span><\/p>\n<\/div>\n<p><strong>3) <strong class=\"Yjhzub\" data-complete=\"true\" data-processed=\"true\">Voc\u00eas fazem projetos de layout para m\u00f3veis de escrit\u00f3rio em S\u00e3o Paulo?<\/strong><br data-serialized-params=\"[]\" data-complete=\"true\" data-processed=\"true\" \/><\/strong>Sim! Na Loja do Centro, n\u00e3o apenas vendemos o mobili\u00e1rio, n\u00f3s orientamos o cliente para otimizar o espa\u00e7o. Agende um hor\u00e1rio e traga as medidas do seu ambiente; desenvolvemos layouts personalizados para garantir a melhor circula\u00e7\u00e3o e ergonomia para seus colaboradores. Caso j\u00e1 possua um projeto assinado por arquiteto(a), trabalhamos com fidelidade \u00e0s especifica\u00e7\u00f5es t\u00e9cnicas.<\/p>\n<p><strong>4) <strong class=\"Yjhzub\" data-complete=\"true\" data-processed=\"true\">Atendimento para Arquitetos e Designers:<\/strong><br data-serialized-params=\"[]\" data-complete=\"true\" data-processed=\"true\" \/><\/strong>Fornecemos mobili\u00e1rio para seu cliente em parceria direta com voc\u00ea. Cuidamos de todos os detalhes: fabrica\u00e7\u00e3o em medidas especiais, variedade de cores e acabamentos, garantindo que voc\u00ea fique tranquilo quanto ao prazo e \u00e0 qualidade da entrega final.<\/p>\n<p><strong>5) Os m\u00f3veis da Loja do Centro possuem garantia? <\/strong>Sim. Todos os nossos m\u00f3veis, desde cadeiras ergon\u00f4micas at\u00e9 mesas de diretoria, possuem garantia contra defeitos de fabrica\u00e7\u00e3o. O prazo varia conforme o fabricante, sempre garantindo assist\u00eancia t\u00e9cnica e durabilidade para o uso intenso no ambiente corporativo.<\/p>\n<p><strong>6) Entrega e Montagem: <\/strong><strong>Qual \u00e9 o prazo de entrega para S\u00e3o Paulo e regi\u00e3o?<br \/>\n<\/strong>Para produtos de linha o prazo de entrega \u00e9 de 10 a 15 dias \u00fateis, dependendo da cole\u00e7\u00e3o.<br \/>\nPara produtos em medidas fora do padr\u00e3o, esse prazo pode se estender at\u00e9 20 dias.<br \/>\nTemos o diferencial de possuir\u00a0<strong class=\"Yjhzub\" data-complete=\"true\" data-processed=\"true\">linhas inteiras \u00e0 pronta-entrega<\/strong>\u00a0em cores espec\u00edficas.<br \/>\nPara detalhes espec\u00edficos, consulte-nos pelo <a href=\"https:\/\/lojadocentro.com.br\/moveis\/contato\/\">contato oficial.<\/a><\/p>\n<p><strong>7) A Loja do Centro realiza a montagem dos m\u00f3veis? <\/strong>Sim, oferecemos servi\u00e7o de montagem especializada em S\u00e3o Paulo, para garantir que seus m\u00f3veis sejam instalados com seguran\u00e7a e corretamente. Verifique as condi\u00e7\u00f5es para a sua regi\u00e3o no momento da compra.<\/p>\n<p><strong>8) Pagamento e Seguran\u00e7a: <\/strong><strong>Quais s\u00e3o as formas de pagamento aceitas? <\/strong>Aceitamos cart\u00f5es de cr\u00e9dito (com parcelamento), cart\u00e3o do BNDES (em at\u00e9 48x para pessoa jur\u00eddica), boleto banc\u00e1rio e Pix. Para compras corporativas (CNPJ), oferecemos condi\u00e7\u00f5es especiais de faturamento sob consulta.<\/p>\n<p><strong>9)<strong class=\"Yjhzub\" data-complete=\"true\" data-processed=\"true\">Posso comprar \u00e0 dist\u00e2ncia com seguran\u00e7a?<\/strong><br data-serialized-params=\"[]\" data-complete=\"true\" data-processed=\"true\" \/><\/strong>Totalmente. Se voc\u00ea est\u00e1 em outra cidade ou n\u00e3o pode vir \u00e0 loja, enviamos um link de pagamento seguro para cart\u00e3o de cr\u00e9dito. Vendemos para todo o Brasil, garantindo uma experi\u00eancia de compra transparente e confi\u00e1vel.<\/p>\n<p><strong>10)<\/strong><strong class=\"Yjhzub\" data-complete=\"true\" data-processed=\"true\">\u00a0Por que comprar na Loja do Centro em vez de grandes sites de varejo (marketplaces)?<\/strong><br data-serialized-params=\"[]\" data-complete=\"true\" data-processed=\"true\" \/>M\u00f3veis de varejo comum s\u00e3o feitos para uso residencial leve. N\u00f3s entregamos\u00a0<strong class=\"Yjhzub\" data-complete=\"true\" data-processed=\"true\">mobili\u00e1rio profissional de alta performance<\/strong>, projetado para suportar jornadas de 8h ou mais. Al\u00e9m da durabilidade superior, oferecemos consultoria de layout, assist\u00eancia t\u00e9cnica e a seguran\u00e7a de quem tem loja f\u00edsica no Centro de S\u00e3o Paulo h\u00e1 d\u00e9cadas.<\/p>\n<p><strong>D\u00favidas sobre como mobiliar seu espa\u00e7o:<\/strong> Precisa de ajuda para escolher a cadeira ideal ou planejar seu escrit\u00f3rio? Fale agora conosco e solicite um or\u00e7amento personalizado para o seu projeto atrav\u00e9s de nossos canais de <a href=\"https:\/\/lojadocentro.com.br\/moveis\/contato\/\">contato<\/a>:<br \/>\n<strong>Televendas PABX:<\/strong> <strong>11 3242-3536<\/strong><br \/>\n<strong>Televendas WhatsApp: 11 98426-0592<br \/>\n<\/strong><strong>Televendas WhatsApp: 11 97673-1274<br \/>\n<\/strong><strong>Projetos WhatsApp: 11 95841-2166<\/strong><\/p>\n<p><a href=\"https:\/\/lojadocentro.com.br\/moveis\/projetos-realizados-e-portfolio-corporativo\/\"><em class=\"eujQNb\" data-complete=\"true\" data-processed=\"true\" aria-owns=\"action-menu-parent-container\">Conhe\u00e7a alguns de nossos fornecimentos corporativos!<br \/>\nConfira <strong class=\"Yjhzub\" data-complete=\"true\">ambientes reais<\/strong> mobiliados pela Loja do Centro!<br \/>\nInspire-se para seu novo escrit\u00f3rio!<\/em><\/a><\/p>\n<p>&nbsp;<\/p>\n<hr class=\"j3tEEe\" data-serialized-params=\"[]\" data-complete=\"true\" data-processed=\"true\" data-sae=\"\" \/>\n","protected":false},"excerpt":{"rendered":"<p>FAQ &#8211; M\u00f3veis para Escrit\u00f3rio em S\u00e3o Paulo Confira respostas a algumas d\u00favidas frequentes: 1) P\u00fablico e Atendimento: A Loja do Centro atende apenas grandes empresas ou tamb\u00e9m vende para pessoas f\u00edsicas?Atendemos a ambos com a mesma excel\u00eancia! A Loja do Centro possui expertise para fornecer desde mobili\u00e1rio completo para escrit\u00f3rios corporativos de grande, m\u00e9dio [&hellip;]<\/p>\n","protected":false},"author":4,"featured_media":61650,"parent":0,"menu_order":0,"comment_status":"closed","ping_status":"closed","template":"","meta":{"_exactmetrics_skip_tracking":false,"_exactmetrics_sitenote_active":false,"_exactmetrics_sitenote_note":"","_exactmetrics_sitenote_category":0,"site-sidebar-layout":"default","site-content-layout":"","ast-site-content-layout":"default","site-content-style":"default","site-sidebar-style":"default","ast-global-header-display":"","ast-banner-title-visibility":"","ast-main-header-display":"","ast-hfb-above-header-display":"","ast-hfb-below-header-display":"","ast-hfb-mobile-header-display":"","site-post-title":"","ast-breadcrumbs-content":"","ast-featured-img":"","footer-sml-layout":"","theme-transparent-header-meta":"default","adv-header-id-meta":"","stick-header-meta":"default","header-above-stick-meta":"","header-main-stick-meta":"","header-below-stick-meta":"","astra-migrate-meta-layouts":"set","ast-page-background-enabled":"default","ast-page-background-meta":{"desktop":{"background-color":"var(--ast-global-color-4)","background-image":"","background-repeat":"repeat","background-position":"center center","background-size":"auto","background-attachment":"scroll","background-type":"","background-media":"","overlay-type":"","overlay-color":"","overlay-opacity":"","overlay-gradient":""},"tablet":{"background-color":"","background-image":"","background-repeat":"repeat","background-position":"center center","background-size":"auto","background-attachment":"scroll","background-type":"","background-media":"","overlay-type":"","overlay-color":"","overlay-opacity":"","overlay-gradient":""},"mobile":{"background-color":"","background-image":"","background-repeat":"repeat","background-position":"center center","background-size":"auto","background-attachment":"scroll","background-type":"","background-media":"","overlay-type":"","overlay-color":"","overlay-opacity":"","overlay-gradient":""}},"ast-content-background-meta":{"desktop":{"background-color":"var(--ast-global-color-5)","background-image":"","background-repeat":"repeat","background-position":"center center","background-size":"auto","background-attachment":"scroll","background-type":"","background-media":"","overlay-type":"","overlay-color":"","overlay-opacity":"","overlay-gradient":""},"tablet":{"background-color":"var(--ast-global-color-5)","background-image":"","background-repeat":"repeat","background-position":"center center","background-size":"auto","background-attachment":"scroll","background-type":"","background-media":"","overlay-type":"","overlay-color":"","overlay-opacity":"","overlay-gradient":""},"mobile":{"background-color":"var(--ast-global-color-5)","background-image":"","background-repeat":"repeat","background-position":"center center","background-size":"auto","background-attachment":"scroll","background-type":"","background-media":"","overlay-type":"","overlay-color":"","overlay-opacity":"","overlay-gradient":""}},"footnotes":""},"class_list":["post-61647","page","type-page","status-publish","has-post-thumbnail","hentry"],"yoast_head":"<!-- This site is optimized with the Yoast SEO plugin v27.2 - https:\/\/yoast.com\/product\/yoast-seo-wordpress\/ -->\n<title>D\u00favidas Frequentes | M\u00f3veis para Escrit\u00f3rio | Loja do Centro<\/title>\n<meta name=\"description\" content=\"FAQ M\u00f3veis para escrit\u00f3rio em S\u00e3o Paulo - Tire suas d\u00favidas, confira nosso portf\u00f3lio, prazos, garantia, projetos de layout.\" \/>\n<meta name=\"robots\" content=\"index, follow, max-snippet:-1, max-image-preview:large, max-video-preview:-1\" \/>\n<link rel=\"canonical\" href=\"https:\/\/lojadocentro.com.br\/moveis\/faq\/\" \/>\n<meta property=\"og:locale\" content=\"pt_BR\" \/>\n<meta property=\"og:type\" content=\"article\" \/>\n<meta property=\"og:title\" content=\"D\u00favidas Frequentes | M\u00f3veis para Escrit\u00f3rio | Loja do Centro\" \/>\n<meta property=\"og:description\" content=\"FAQ M\u00f3veis para escrit\u00f3rio em S\u00e3o Paulo - Tire suas d\u00favidas, confira nosso portf\u00f3lio, prazos, garantia, projetos de layout.\" \/>\n<meta property=\"og:url\" content=\"https:\/\/lojadocentro.com.br\/moveis\/faq\/\" \/>\n<meta property=\"og:site_name\" content=\"M\u00f3veis para Escrit\u00f3rio - Loja do Centro\" \/>\n<meta property=\"article:modified_time\" content=\"2026-02-10T20:34:56+00:00\" \/>\n<meta property=\"og:image\" content=\"https:\/\/lojadocentro.com.br\/moveis\/wp-content\/uploads\/2026\/02\/faq-moveis-para-escritorio-em-sp.jpg\" \/>\n\t<meta property=\"og:image:width\" content=\"941\" \/>\n\t<meta property=\"og:image:height\" content=\"715\" \/>\n\t<meta property=\"og:image:type\" content=\"image\/jpeg\" \/>\n<meta name=\"twitter:card\" content=\"summary_large_image\" \/>\n<meta name=\"twitter:label1\" content=\"Est. tempo de leitura\" \/>\n\t<meta name=\"twitter:data1\" content=\"4 minutos\" \/>\n<script type=\"application\/ld+json\" class=\"yoast-schema-graph\">{\"@context\":\"https:\/\/schema.org\",\"@graph\":[{\"@type\":\"WebPage\",\"@id\":\"https:\/\/lojadocentro.com.br\/moveis\/faq\/\",\"url\":\"https:\/\/lojadocentro.com.br\/moveis\/faq\/\",\"name\":\"D\u00favidas Frequentes | M\u00f3veis para Escrit\u00f3rio | Loja do Centro\",\"isPartOf\":{\"@id\":\"https:\/\/lojadocentro.com.br\/moveis\/#website\"},\"primaryImageOfPage\":{\"@id\":\"https:\/\/lojadocentro.com.br\/moveis\/faq\/#primaryimage\"},\"image\":{\"@id\":\"https:\/\/lojadocentro.com.br\/moveis\/faq\/#primaryimage\"},\"thumbnailUrl\":\"https:\/\/lojadocentro.com.br\/moveis\/wp-content\/uploads\/2026\/02\/faq-moveis-para-escritorio-em-sp.jpg\",\"datePublished\":\"2026-02-10T18:35:04+00:00\",\"dateModified\":\"2026-02-10T20:34:56+00:00\",\"description\":\"FAQ M\u00f3veis para escrit\u00f3rio em S\u00e3o Paulo - Tire suas d\u00favidas, confira nosso portf\u00f3lio, prazos, garantia, projetos de layout.\",\"breadcrumb\":{\"@id\":\"https:\/\/lojadocentro.com.br\/moveis\/faq\/#breadcrumb\"},\"inLanguage\":\"pt-BR\",\"potentialAction\":[{\"@type\":\"ReadAction\",\"target\":[\"https:\/\/lojadocentro.com.br\/moveis\/faq\/\"]}]},{\"@type\":\"ImageObject\",\"inLanguage\":\"pt-BR\",\"@id\":\"https:\/\/lojadocentro.com.br\/moveis\/faq\/#primaryimage\",\"url\":\"https:\/\/lojadocentro.com.br\/moveis\/wp-content\/uploads\/2026\/02\/faq-moveis-para-escritorio-em-sp.jpg\",\"contentUrl\":\"https:\/\/lojadocentro.com.br\/moveis\/wp-content\/uploads\/2026\/02\/faq-moveis-para-escritorio-em-sp.jpg\",\"width\":941,\"height\":715,\"caption\":\"FAQ - M\u00f3veis para Escrit\u00f3rio na Loja do Centro, em SP\"},{\"@type\":\"BreadcrumbList\",\"@id\":\"https:\/\/lojadocentro.com.br\/moveis\/faq\/#breadcrumb\",\"itemListElement\":[{\"@type\":\"ListItem\",\"position\":1,\"name\":\"In\u00edcio\",\"item\":\"https:\/\/lojadocentro.com.br\/moveis\/\"},{\"@type\":\"ListItem\",\"position\":2,\"name\":\"FAQ\"}]},{\"@type\":\"WebSite\",\"@id\":\"https:\/\/lojadocentro.com.br\/moveis\/#website\",\"url\":\"https:\/\/lojadocentro.com.br\/moveis\/\",\"name\":\"M\u00f3veis para Escrit\u00f3rio - Loja do Centro\",\"description\":\"Loja de M\u00f3veis para Escrit\u00f3rio\",\"publisher\":{\"@id\":\"https:\/\/lojadocentro.com.br\/moveis\/#organization\"},\"potentialAction\":[{\"@type\":\"SearchAction\",\"target\":{\"@type\":\"EntryPoint\",\"urlTemplate\":\"https:\/\/lojadocentro.com.br\/moveis\/?s={search_term_string}\"},\"query-input\":{\"@type\":\"PropertyValueSpecification\",\"valueRequired\":true,\"valueName\":\"search_term_string\"}}],\"inLanguage\":\"pt-BR\"},{\"@type\":\"Organization\",\"@id\":\"https:\/\/lojadocentro.com.br\/moveis\/#organization\",\"name\":\"M\u00f3veis para Escrit\u00f3rio Loja do Centro\",\"url\":\"https:\/\/lojadocentro.com.br\/moveis\/\",\"logo\":{\"@type\":\"ImageObject\",\"inLanguage\":\"pt-BR\",\"@id\":\"https:\/\/lojadocentro.com.br\/moveis\/#\/schema\/logo\/image\/\",\"url\":\"https:\/\/www.lojadocentro.com.br\/moveis\/wp-content\/uploads\/2015\/12\/moveis-para-escritorio-loja-do-centro-logo.jpg\",\"contentUrl\":\"https:\/\/www.lojadocentro.com.br\/moveis\/wp-content\/uploads\/2015\/12\/moveis-para-escritorio-loja-do-centro-logo.jpg\",\"width\":275,\"height\":120,\"caption\":\"M\u00f3veis para Escrit\u00f3rio Loja do Centro\"},\"image\":{\"@id\":\"https:\/\/lojadocentro.com.br\/moveis\/#\/schema\/logo\/image\/\"}}]}<\/script>\n<!-- \/ Yoast SEO plugin. -->","yoast_head_json":{"title":"D\u00favidas Frequentes | M\u00f3veis para Escrit\u00f3rio | Loja do Centro","description":"FAQ M\u00f3veis para escrit\u00f3rio em S\u00e3o Paulo - Tire suas d\u00favidas, confira nosso portf\u00f3lio, prazos, garantia, projetos de layout.","robots":{"index":"index","follow":"follow","max-snippet":"max-snippet:-1","max-image-preview":"max-image-preview:large","max-video-preview":"max-video-preview:-1"},"canonical":"https:\/\/lojadocentro.com.br\/moveis\/faq\/","og_locale":"pt_BR","og_type":"article","og_title":"D\u00favidas Frequentes | M\u00f3veis para Escrit\u00f3rio | Loja do Centro","og_description":"FAQ M\u00f3veis para escrit\u00f3rio em S\u00e3o Paulo - Tire suas d\u00favidas, confira nosso portf\u00f3lio, prazos, garantia, projetos de layout.","og_url":"https:\/\/lojadocentro.com.br\/moveis\/faq\/","og_site_name":"M\u00f3veis para Escrit\u00f3rio - Loja do Centro","article_modified_time":"2026-02-10T20:34:56+00:00","og_image":[{"width":941,"height":715,"url":"https:\/\/lojadocentro.com.br\/moveis\/wp-content\/uploads\/2026\/02\/faq-moveis-para-escritorio-em-sp.jpg","type":"image\/jpeg"}],"twitter_card":"summary_large_image","twitter_misc":{"Est. tempo de leitura":"4 minutos"},"schema":{"@context":"https:\/\/schema.org","@graph":[{"@type":"WebPage","@id":"https:\/\/lojadocentro.com.br\/moveis\/faq\/","url":"https:\/\/lojadocentro.com.br\/moveis\/faq\/","name":"D\u00favidas Frequentes | M\u00f3veis para Escrit\u00f3rio | Loja do Centro","isPartOf":{"@id":"https:\/\/lojadocentro.com.br\/moveis\/#website"},"primaryImageOfPage":{"@id":"https:\/\/lojadocentro.com.br\/moveis\/faq\/#primaryimage"},"image":{"@id":"https:\/\/lojadocentro.com.br\/moveis\/faq\/#primaryimage"},"thumbnailUrl":"https:\/\/lojadocentro.com.br\/moveis\/wp-content\/uploads\/2026\/02\/faq-moveis-para-escritorio-em-sp.jpg","datePublished":"2026-02-10T18:35:04+00:00","dateModified":"2026-02-10T20:34:56+00:00","description":"FAQ M\u00f3veis para escrit\u00f3rio em S\u00e3o Paulo - Tire suas d\u00favidas, confira nosso portf\u00f3lio, prazos, garantia, projetos de layout.","breadcrumb":{"@id":"https:\/\/lojadocentro.com.br\/moveis\/faq\/#breadcrumb"},"inLanguage":"pt-BR","potentialAction":[{"@type":"ReadAction","target":["https:\/\/lojadocentro.com.br\/moveis\/faq\/"]}]},{"@type":"ImageObject","inLanguage":"pt-BR","@id":"https:\/\/lojadocentro.com.br\/moveis\/faq\/#primaryimage","url":"https:\/\/lojadocentro.com.br\/moveis\/wp-content\/uploads\/2026\/02\/faq-moveis-para-escritorio-em-sp.jpg","contentUrl":"https:\/\/lojadocentro.com.br\/moveis\/wp-content\/uploads\/2026\/02\/faq-moveis-para-escritorio-em-sp.jpg","width":941,"height":715,"caption":"FAQ - M\u00f3veis para Escrit\u00f3rio na Loja do Centro, em SP"},{"@type":"BreadcrumbList","@id":"https:\/\/lojadocentro.com.br\/moveis\/faq\/#breadcrumb","itemListElement":[{"@type":"ListItem","position":1,"name":"In\u00edcio","item":"https:\/\/lojadocentro.com.br\/moveis\/"},{"@type":"ListItem","position":2,"name":"FAQ"}]},{"@type":"WebSite","@id":"https:\/\/lojadocentro.com.br\/moveis\/#website","url":"https:\/\/lojadocentro.com.br\/moveis\/","name":"M\u00f3veis para Escrit\u00f3rio - Loja do Centro","description":"Loja de M\u00f3veis para Escrit\u00f3rio","publisher":{"@id":"https:\/\/lojadocentro.com.br\/moveis\/#organization"},"potentialAction":[{"@type":"SearchAction","target":{"@type":"EntryPoint","urlTemplate":"https:\/\/lojadocentro.com.br\/moveis\/?s={search_term_string}"},"query-input":{"@type":"PropertyValueSpecification","valueRequired":true,"valueName":"search_term_string"}}],"inLanguage":"pt-BR"},{"@type":"Organization","@id":"https:\/\/lojadocentro.com.br\/moveis\/#organization","name":"M\u00f3veis para Escrit\u00f3rio Loja do Centro","url":"https:\/\/lojadocentro.com.br\/moveis\/","logo":{"@type":"ImageObject","inLanguage":"pt-BR","@id":"https:\/\/lojadocentro.com.br\/moveis\/#\/schema\/logo\/image\/","url":"https:\/\/www.lojadocentro.com.br\/moveis\/wp-content\/uploads\/2015\/12\/moveis-para-escritorio-loja-do-centro-logo.jpg","contentUrl":"https:\/\/www.lojadocentro.com.br\/moveis\/wp-content\/uploads\/2015\/12\/moveis-para-escritorio-loja-do-centro-logo.jpg","width":275,"height":120,"caption":"M\u00f3veis para Escrit\u00f3rio Loja do Centro"},"image":{"@id":"https:\/\/lojadocentro.com.br\/moveis\/#\/schema\/logo\/image\/"}}]}},"_links":{"self":[{"href":"https:\/\/lojadocentro.com.br\/moveis\/wp-json\/wp\/v2\/pages\/61647","targetHints":{"allow":["GET"]}}],"collection":[{"href":"https:\/\/lojadocentro.com.br\/moveis\/wp-json\/wp\/v2\/pages"}],"about":[{"href":"https:\/\/lojadocentro.com.br\/moveis\/wp-json\/wp\/v2\/types\/page"}],"author":[{"embeddable":true,"href":"https:\/\/lojadocentro.com.br\/moveis\/wp-json\/wp\/v2\/users\/4"}],"replies":[{"embeddable":true,"href":"https:\/\/lojadocentro.com.br\/moveis\/wp-json\/wp\/v2\/comments?post=61647"}],"version-history":[{"count":5,"href":"https:\/\/lojadocentro.com.br\/moveis\/wp-json\/wp\/v2\/pages\/61647\/revisions"}],"predecessor-version":[{"id":61653,"href":"https:\/\/lojadocentro.com.br\/moveis\/wp-json\/wp\/v2\/pages\/61647\/revisions\/61653"}],"wp:featuredmedia":[{"embeddable":true,"href":"https:\/\/lojadocentro.com.br\/moveis\/wp-json\/wp\/v2\/media\/61650"}],"wp:attachment":[{"href":"https:\/\/lojadocentro.com.br\/moveis\/wp-json\/wp\/v2\/media?parent=61647"}],"curies":[{"name":"wp","href":"https:\/\/api.w.org\/{rel}","templated":true}]}}